{"id":62,"date":"2023-03-23T05:02:31","date_gmt":"2023-03-23T04:02:31","guid":{"rendered":"https:\/\/acabadosfinalesgv.com\/?page_id=62"},"modified":"2023-04-08T23:54:30","modified_gmt":"2023-04-08T21:54:30","slug":"servicios","status":"publish","type":"page","link":"https:\/\/acabadosfinalesgv.com\/index.php\/servicios\/","title":{"rendered":"Productos"},"content":{"rendered":"\n<div class=\"wp-block-group is-layout-constrained wp-block-group-is-layout-constrained\">\n<div class=\"wp-block-columns are-vertically-aligned-center is-layout-flex wp-container-core-columns-is-layout-28f84493 wp-block-columns-is-layout-flex\">\n<div class=\"wp-block-column is-vertically-aligned-center is-layout-flow wp-block-column-is-layout-flow\" style=\"flex-basis:50%\">\n<div class=\"wp-block-cover is-light\" style=\"min-height:607px;aspect-ratio:unset;\"><span aria-hidden=\"true\" class=\"wp-block-cover__background has-background-dim-100 has-background-dim\" style=\"background-color:#f6f6f6\"><\/span><div class=\"wp-block-cover__inner-container is-layout-flow wp-block-cover-is-layout-flow\">\n<figure class=\"wp-block-image aligncenter size-full is-resized\"><img loading=\"lazy\" decoding=\"async\" src=\"https:\/\/acabadosfinalesgv.com\/wp-content\/uploads\/2023\/04\/Hy-Cemix.jpg\" alt=\"\" class=\"wp-image-253\" width=\"377\" height=\"546\"\/><\/figure>\n<\/div><\/div>\n<\/div>\n\n\n\n<div class=\"wp-block-column is-layout-flow wp-block-column-is-layout-flow\" style=\"flex-basis:50%\">\n<p><strong>REPELLO CONCRETO CAPA GRIS<\/strong><br>Mortero de capa gruesa elaborada de cemento gris, m\u00e1rmol gris y qu\u00edmicos solamente para<br>usarse como base directamente sobre block, ladrillo o prefabricando sin necesidad de<br>humedecer previamente. La superficie. Ideal para utilizarse en un sistema bicapa.<br><\/p>\n\n\n\n<p><strong>DATOS T\u00c9CNICOS<\/strong>:<br>TIPO: Mortero base cemento.<br>COLOR: Gris<br>TIEMPO AMBIENTE:<br>25 minutos promedio en condiciones normales.<br>TIEMPO DE ALMACENAJE:<br>Cuatro meses en lugar fresco y seco, en su empaque original sin abrirlo.<br>PROPORCI\u00d3N DE LA MEZCLA: De 8 a 10 litros de agua limpia por saco de 40 kg.<br>RENDIMIENTO: De 6 m por bolsa de 40 kg. El rendimiento depende el tipo de superficie<br>la cual se aplique la base.<\/p>\n<\/div>\n<\/div>\n<\/div>\n\n\n\n<div style=\"color:#000000\" class=\"wp-block-skt-blocks-divider skt-blocks-block-spacer solid skt-blocks-spacer-divider\"><div class=\"skt-blocks-divider-inner\"><div class=\"skt-blocks-divider-content\" style=\"margin-top:30px;margin-bottom:30px\"><hr style=\"height:7px;width:60%;background-color:#000000 !important;border-radius:3.5px;margin-left:auto;margin-right:auto\"\/><\/div><\/div><\/div>\n\n\n\n<div class=\"wp-block-group is-layout-constrained wp-block-group-is-layout-constrained\">\n<div class=\"wp-block-columns are-vertically-aligned-center is-layout-flex wp-container-core-columns-is-layout-28f84493 wp-block-columns-is-layout-flex\">\n<div class=\"wp-block-column is-vertically-aligned-center is-layout-flow wp-block-column-is-layout-flow\" style=\"flex-basis:50%\">\n<div class=\"wp-block-cover is-light\" style=\"min-height:607px;aspect-ratio:unset;\"><span aria-hidden=\"true\" class=\"wp-block-cover__background has-background-dim-100 has-background-dim\" style=\"background-color:#f6f6f6\"><\/span><div class=\"wp-block-cover__inner-container is-layout-flow wp-block-cover-is-layout-flow\">\n<figure class=\"wp-block-image aligncenter size-full is-resized\"><img loading=\"lazy\" decoding=\"async\" src=\"https:\/\/acabadosfinalesgv.com\/wp-content\/uploads\/2023\/04\/Hy-Cemix.jpg\" alt=\"\" class=\"wp-image-253\" width=\"377\" height=\"546\"\/><\/figure>\n<\/div><\/div>\n<\/div>\n\n\n\n<div class=\"wp-block-column is-layout-flow wp-block-column-is-layout-flow\" style=\"flex-basis:50%\">\n<p><strong>CERNIDO REMOLINEADO<\/strong><br>Mortero elaborado a base de cemento blanco, m\u00e1rmol blanco y aditivos qu\u00edmicos, especial<br>para producir acabados finos de alta resistencia a la intemperie y humedad, puede aplicarse<br>directamente sobre block, ladrillo o prefabricado, sin necesidad de humedecer previamente<br>la superficie, o bien sobre una base de Cernido Remolineado HY-CIMIX.<br><\/p>\n\n\n\n<p><strong>DATOS TECNICOS<\/strong>:<br>TIPO: Mortero base cemento.<br>COLOR: Blanco<br>IMPERMEABILIDAD: Optima.<br>TIEMPO ABIERTO: 25 minutos promedio en condiciones normales.<br>TIEMPO DE ALMACENAJE: Cuatro meses en lugar fresco y seco, en su empaque<br>original sin abrirlo.<br>PROPORCI\u00d3N DE LA MEZCLA: De 8 a 10 litros de agua limpia por saco de 40 kg.<br>RENDIMIENTO: De 6 a 8 m2 por bolsa de 40 kg. El rendimiento depende el tipo de<br>superficie sobre la cual se aplique el repello.<\/p>\n<\/div>\n<\/div>\n<\/div>\n\n\n\n<div style=\"color:#000000\" class=\"wp-block-skt-blocks-divider skt-blocks-block-spacer solid skt-blocks-spacer-divider\"><div class=\"skt-blocks-divider-inner\"><div class=\"skt-blocks-divider-content\" style=\"margin-top:30px;margin-bottom:30px\"><hr style=\"height:7px;width:60%;background-color:#000000 !important;border-radius:3.5px;margin-left:auto;margin-right:auto\"\/><\/div><\/div><\/div>\n\n\n\n<div class=\"wp-block-group is-layout-constrained wp-block-group-is-layout-constrained\">\n<div class=\"wp-block-columns are-vertically-aligned-center is-layout-flex wp-container-core-columns-is-layout-28f84493 wp-block-columns-is-layout-flex\">\n<div class=\"wp-block-column is-vertically-aligned-center is-layout-flow wp-block-column-is-layout-flow\" style=\"flex-basis:50%\">\n<div class=\"wp-block-cover is-light\" style=\"min-height:607px;aspect-ratio:unset;\"><span aria-hidden=\"true\" class=\"wp-block-cover__background has-background-dim-100 has-background-dim\" style=\"background-color:#f6f6f6\"><\/span><div class=\"wp-block-cover__inner-container is-layout-flow wp-block-cover-is-layout-flow\">\n<figure class=\"wp-block-image aligncenter size-full is-resized\"><img loading=\"lazy\" decoding=\"async\" src=\"https:\/\/acabadosfinalesgv.com\/wp-content\/uploads\/2023\/04\/Hy-Cemix.jpg\" alt=\"\" class=\"wp-image-253\" width=\"377\" height=\"546\"\/><\/figure>\n<\/div><\/div>\n<\/div>\n\n\n\n<div class=\"wp-block-column is-layout-flow wp-block-column-is-layout-flow\" style=\"flex-basis:50%\">\n<p><strong>CERNIDO VERTICAL<\/strong><br>Mortero elaborado a base de cemento blanco, m\u00e1rmol blanco y aditivos qu\u00edmicos, especial<br>para producir acabados finos de alta resistencia a la intemperie y humedad, puede aplicarse<br>directamente sobre block, ladrillo o prefabricado, sin necesidad de humedecer previamente<br>la superficie, o bien sobre una base de Cernido Vertical HY-CIMIX.<br><\/p>\n\n\n\n<p><strong>DATOS TECNICOS<\/strong>:<br>TIPO: Mortero base cemento.<br>COLOR: Blanco<br>IMPERMEABILIDAD: Optima.<br>TIEMPO ABIERTO: 25 minutos promedio en condiciones normales.<br>TIEMPO DE ALMACENAJE: Cuatro meses en lugar fresco y seco, en su empaque<br>original sin abrirlo.<br>PROPORCION DE LA MEZCLA: De 8 a 10 litros de agua limpia por saco de 42 kg.<br>RENDIMIENTO: De 6 a 8 m2 por bolsa de 40 kg. El rendimiento depende el tipo de<br>superficie sobre la cual se aplique el repello.<\/p>\n<\/div>\n<\/div>\n<\/div>\n\n\n\n<div style=\"color:#000000\" class=\"wp-block-skt-blocks-divider skt-blocks-block-spacer solid skt-blocks-spacer-divider\"><div class=\"skt-blocks-divider-inner\"><div class=\"skt-blocks-divider-content\" style=\"margin-top:30px;margin-bottom:30px\"><hr style=\"height:7px;width:60%;background-color:#000000 !important;border-radius:3.5px;margin-left:auto;margin-right:auto\"\/><\/div><\/div><\/div>\n\n\n\n<div class=\"wp-block-group is-layout-constrained wp-block-group-is-layout-constrained\">\n<div class=\"wp-block-columns are-vertically-aligned-center is-layout-flex wp-container-core-columns-is-layout-28f84493 wp-block-columns-is-layout-flex\">\n<div class=\"wp-block-column is-vertically-aligned-center is-layout-flow wp-block-column-is-layout-flow\" style=\"flex-basis:50%\">\n<div class=\"wp-block-cover is-light\" style=\"min-height:607px;aspect-ratio:unset;\"><span aria-hidden=\"true\" class=\"wp-block-cover__background has-background-dim-100 has-background-dim\" style=\"background-color:#f6f6f6\"><\/span><div class=\"wp-block-cover__inner-container is-layout-flow wp-block-cover-is-layout-flow\">\n<figure class=\"wp-block-image aligncenter size-full is-resized\"><img loading=\"lazy\" decoding=\"async\" src=\"https:\/\/acabadosfinalesgv.com\/wp-content\/uploads\/2023\/04\/Hy-Cemix.jpg\" alt=\"\" class=\"wp-image-253\" width=\"377\" height=\"546\"\/><\/figure>\n<\/div><\/div>\n<\/div>\n\n\n\n<div class=\"wp-block-column is-layout-flow wp-block-column-is-layout-flow\" style=\"flex-basis:50%\">\n<p><strong>CERNIDO BLANQUEADO<\/strong><br>Mortero elaborado a base de cemento blanco, talco de m\u00e1rmol blanco y aditivos qu\u00edmicos,<br>especiales para producir avadados alisados de alta resistencia a intemperie humedad, puede<br>aplicarse tambi\u00e9n directamente sobre block, ladrillo o prefabricado, sin necesidad de<br>humedecer previenen la superficie. O bien sobre la base de Cernido Remolineado HYCIMIX, para obtener un mejor resultado y rendimiento.<br><\/p>\n\n\n\n<p><strong>DATOS TECNICOS<\/strong>:<br>TIPO: Mortero base cemento.<br>COLOR: Blanco<br>IMPERMEABILIDAD: Optima.<br>TIEMPO ABIERTO: 25 minutos promedio en condiciones normales.<br>TIEMPO DE ALMACENAJE: Cuatro meses en lugar fresco y seco, en su empaque<br>original sin abrirlo.<br>PROPORCION DE LA MEZCLA: De 8 a 9 litros de agua limpia por saco de 40 kg.<br>RENDIMIENTO: De 6 a 8 m2 por bolsa de 40 kg. El rendimiento depende el tipo de<br>superficie sobre la cual se aplique el repello.<\/p>\n<\/div>\n<\/div>\n<\/div>\n\n\n\n<div style=\"color:#000000\" class=\"wp-block-skt-blocks-divider skt-blocks-block-spacer solid skt-blocks-spacer-divider\"><div class=\"skt-blocks-divider-inner\"><div class=\"skt-blocks-divider-content\" style=\"margin-top:30px;margin-bottom:30px\"><hr style=\"height:7px;width:60%;background-color:#000000 !important;border-radius:3.5px;margin-left:auto;margin-right:auto\"\/><\/div><\/div><\/div>\n\n\n\n<div class=\"wp-block-group is-layout-constrained wp-block-group-is-layout-constrained\">\n<div class=\"wp-block-columns are-vertically-aligned-center is-layout-flex wp-container-core-columns-is-layout-28f84493 wp-block-columns-is-layout-flex\">\n<div class=\"wp-block-column is-vertically-aligned-center is-layout-flow wp-block-column-is-layout-flow\" style=\"flex-basis:50%\">\n<div class=\"wp-block-cover is-light\" style=\"min-height:607px;aspect-ratio:unset;\"><span aria-hidden=\"true\" class=\"wp-block-cover__background has-background-dim-100 has-background-dim\" style=\"background-color:#f6f6f6\"><\/span><div class=\"wp-block-cover__inner-container is-layout-flow wp-block-cover-is-layout-flow\">\n<figure class=\"wp-block-image aligncenter size-full is-resized\"><img loading=\"lazy\" decoding=\"async\" src=\"https:\/\/acabadosfinalesgv.com\/wp-content\/uploads\/2023\/04\/Hy-Cemix.jpg\" alt=\"\" class=\"wp-image-253\" width=\"377\" height=\"546\"\/><\/figure>\n<\/div><\/div>\n<\/div>\n\n\n\n<div class=\"wp-block-column is-layout-flow wp-block-column-is-layout-flow\" style=\"flex-basis:50%\">\n<p><strong>ALISADO ULTRALISO<\/strong><br>Mortero elaborado a base de cemento blanco, talco de m\u00e1rmol blanco y aditivos qu\u00edmicos,<br>especiales para producir acabados alisados de alta resistencia a intemperie h\u00fameda, puede<br>aplicarse tambi\u00e9n directamente sobre block, ladrillo o prefabricado, sin necesidad de<br>humedecer previenen la superficie. O bien sobre la base de Alisado Ultraliso HY-CIMIX,<br>para obtener un mejor resultado y rendimiento.<br><\/p>\n\n\n\n<p><strong>DATOS TECNICOS:<\/strong><br>TIPO: Mortero base cemento.<br>COLOR: Blanco<br>IMPERMEABILIDAD: Optima.<br>TIEMPO ABIERTO: 25 minutos promedio en condiciones normales.<br>TIEMPO DE ALMACENAJE: Cuatro meses en lugar fresco y seco, en su empaque<br>original sin abrirlo.<br>PROPORCION DE LA MEZCLA: De 8 a 9 litros de agua limpia por saco de 40 kg.<br>RENDIMIENTO: De 6 a 8 m2 por bolsa de 42 kg. El rendimiento depende el tipo de<br>superficie sobre la cual se aplique el repello.<\/p>\n<\/div>\n<\/div>\n<\/div>\n\n\n\n<div style=\"color:#000000\" class=\"wp-block-skt-blocks-divider skt-blocks-block-spacer solid skt-blocks-spacer-divider\"><div class=\"skt-blocks-divider-inner\"><div class=\"skt-blocks-divider-content\" style=\"margin-top:30px;margin-bottom:30px\"><hr style=\"height:7px;width:60%;background-color:#000000 !important;border-radius:3.5px;margin-left:auto;margin-right:auto\"\/><\/div><\/div><\/div>\n\n\n\n<div class=\"wp-block-group is-layout-constrained wp-block-group-is-layout-constrained\">\n<div class=\"wp-block-columns are-vertically-aligned-center is-layout-flex wp-container-core-columns-is-layout-28f84493 wp-block-columns-is-layout-flex\">\n<div class=\"wp-block-column is-vertically-aligned-center is-layout-flow wp-block-column-is-layout-flow\" style=\"flex-basis:50%\">\n<div class=\"wp-block-cover is-light\" style=\"min-height:607px;aspect-ratio:unset;\"><span aria-hidden=\"true\" class=\"wp-block-cover__background has-background-dim-100 has-background-dim\" style=\"background-color:#f6f6f6\"><\/span><div class=\"wp-block-cover__inner-container is-layout-flow wp-block-cover-is-layout-flow\">\n<figure class=\"wp-block-image aligncenter size-full is-resized\"><img loading=\"lazy\" decoding=\"async\" src=\"https:\/\/acabadosfinalesgv.com\/wp-content\/uploads\/2023\/04\/Hy-Cemix.jpg\" alt=\"\" class=\"wp-image-253\" width=\"377\" height=\"546\"\/><\/figure>\n<\/div><\/div>\n<\/div>\n\n\n\n<div class=\"wp-block-column is-layout-flow wp-block-column-is-layout-flow\" style=\"flex-basis:50%\">\n<p><strong>ADHESIVO PARA CER\u00c1MICA<\/strong><br>Mortero adhesivo de capa gruesa en presentaci\u00f3n de mezcla seca, elaborado a base de<br>cemento gris, agregados de granulometr\u00eda controlada y aditivos qu\u00edmicos, recomendado para<br>la instalaci\u00f3n de pisos cer\u00e1micos, azulejos y otras piezas de alta o mediana absorci\u00f3n de<br>humedad.<br><\/p>\n\n\n\n<p><strong>DATOS TECNICOS<\/strong><br>TIPO: Mortero base cemento.<br>COLOR: Gris<br>TIEMPO AMBIENTE:<br>25 minutos promedio en condiciones normales.<br>TIEMPO DE ALMACENAJE:<br>Cuatro meses en lugar fresco y seco, en su empaque original sin abrirlo.<br>PROPORCION DE LA MEZCLA: De 8 a 10 litros de agua limpia por saco de 40 kg.<br>RENDIMIENTO: De 6 a 8 m2 por bolsa de 40 kg. El rendimiento depende el tipo de<br>superficie la cual se aplique la base.<\/p>\n<\/div>\n<\/div>\n<\/div>\n","protected":false},"excerpt":{"rendered":"<p>REPELLO CONCRETO CAPA GRISMortero de capa gruesa elaborada de cemento gris, m\u00e1rmol gris y qu\u00edmicos solamente parausarse como base directamente sobre block, ladrillo o prefabricando sin necesidad dehumedecer previamente. La superficie. Ideal para utilizarse en un sistema bicapa. DATOS T\u00c9CNICOS:TIPO: Mortero base cemento.COLOR: GrisTIEMPO AMBIENTE:25 minutos promedio en condiciones normales.TIEMPO DE ALMACENAJE:Cuatro meses en lugar [&hellip;]<\/p>\n","protected":false},"author":1,"featured_media":251,"parent":0,"menu_order":0,"comment_status":"closed","ping_status":"closed","template":"","meta":{"footnotes":""},"class_list":["post-62","page","type-page","status-publish","has-post-thumbnail","hentry"],"featured_image_src":"https:\/\/acabadosfinalesgv.com\/wp-content\/uploads\/2023\/04\/Header3.png","featured_image_src_square":"https:\/\/acabadosfinalesgv.com\/wp-content\/uploads\/2023\/04\/Header3.png","rbea_author_info":{"display_name":"admin","author_link":"https:\/\/acabadosfinalesgv.com\/index.php\/author\/admin\/"},"rbea_excerpt_info":"REPELLO CONCRETO CAPA GRISMortero de capa gruesa elaborada de cemento gris, m\u00e1rmol gris y qu\u00edmicos solamente parausarse como base directamente sobre block, ladrillo o prefabricando sin necesidad dehumedecer previamente. La superficie. Ideal para utilizarse en un sistema bicapa. DATOS T\u00c9CNICOS:TIPO: Mortero base cemento.COLOR: GrisTIEMPO AMBIENTE:25 minutos promedio en condiciones normales.TIEMPO DE ALMACENAJE:Cuatro meses en lugar [&hellip;]","_links":{"self":[{"href":"https:\/\/acabadosfinalesgv.com\/index.php\/wp-json\/wp\/v2\/pages\/62","targetHints":{"allow":["GET"]}}],"collection":[{"href":"https:\/\/acabadosfinalesgv.com\/index.php\/wp-json\/wp\/v2\/pages"}],"about":[{"href":"https:\/\/acabadosfinalesgv.com\/index.php\/wp-json\/wp\/v2\/types\/page"}],"author":[{"embeddable":true,"href":"https:\/\/acabadosfinalesgv.com\/index.php\/wp-json\/wp\/v2\/users\/1"}],"replies":[{"embeddable":true,"href":"https:\/\/acabadosfinalesgv.com\/index.php\/wp-json\/wp\/v2\/comments?post=62"}],"version-history":[{"count":12,"href":"https:\/\/acabadosfinalesgv.com\/index.php\/wp-json\/wp\/v2\/pages\/62\/revisions"}],"predecessor-version":[{"id":263,"href":"https:\/\/acabadosfinalesgv.com\/index.php\/wp-json\/wp\/v2\/pages\/62\/revisions\/263"}],"wp:featuredmedia":[{"embeddable":true,"href":"https:\/\/acabadosfinalesgv.com\/index.php\/wp-json\/wp\/v2\/media\/251"}],"wp:attachment":[{"href":"https:\/\/acabadosfinalesgv.com\/index.php\/wp-json\/wp\/v2\/media?parent=62"}],"curies":[{"name":"wp","href":"https:\/\/api.w.org\/{rel}","templated":true}]}}